{"id":22782,"date":"2023-04-14T02:44:39","date_gmt":"2023-04-14T07:44:39","guid":{"rendered":"https:\/\/inladec.com\/?page_id=22782"},"modified":"2023-04-14T07:41:19","modified_gmt":"2023-04-14T12:41:19","slug":"nuestro-blog","status":"publish","type":"page","link":"https:\/\/inladec.com\/en\/nuestro-blog\/","title":{"rendered":"Nuestro Blog"},"content":{"rendered":"<body>\n<div class=\"wp-block-query is-layout-flow wp-block-query-is-layout-flow\"><ul class=\"wp-block-post-template is-layout-flow wp-block-post-template-is-layout-flow\"><li class=\"wp-block-post post-22805 post type-post status-publish format-standard has-post-thumbnail hentry category-uncategorized\">\n\n<div class=\"wp-block-columns alignwide is-layout-flex wp-container-core-columns-is-layout-9d6595d7 wp-block-columns-is-layout-flex\">\n<div class=\"wp-block-column is-layout-flow wp-block-column-is-layout-flow\" style=\"flex-basis:66.66%\"><div class=\"post_featured with_thumb hover_link agricola_inline_1735304339\"><img loading=\"lazy\" decoding=\"async\" width=\"840\" height=\"473\" src=\"https:\/\/i0.wp.com\/inladec.com\/wp-content\/uploads\/2023\/04\/IMG-20230414-WA0007.jpg?resize=840%2C473&amp;ssl=1\" class=\"attachment-agricola-thumb-big size-agricola-thumb-big wp-post-image\" alt=\"\" srcset=\"https:\/\/i0.wp.com\/inladec.com\/wp-content\/uploads\/2023\/04\/IMG-20230414-WA0007.jpg?resize=1290%2C725&amp;ssl=1 1290w, https:\/\/i0.wp.com\/inladec.com\/wp-content\/uploads\/2023\/04\/IMG-20230414-WA0007.jpg?resize=840%2C473&amp;ssl=1 840w, https:\/\/i0.wp.com\/inladec.com\/wp-content\/uploads\/2023\/04\/IMG-20230414-WA0007.jpg?resize=410%2C230&amp;ssl=1 410w, https:\/\/i0.wp.com\/inladec.com\/wp-content\/uploads\/2023\/04\/IMG-20230414-WA0007.jpg?resize=270%2C152&amp;ssl=1 270w\" sizes=\"auto, (max-width: 840px) 100vw, 840px\">\t\t\t\t\t\t<div class=\"mask\"><\/div>\n\t\t\t\t\t\t\t\t\t<a href=\"https:\/\/inladec.com\/en\/que-son-los-lactobacillus\/\" aria-hidden=\"true\" class=\"link\"><\/a>\n\t\t\t<\/div><\/div>\n\n\n\n<div class=\"wp-block-column is-layout-flow wp-block-column-is-layout-flow\" style=\"flex-basis:33.33%\"><h2 class=\"wp-block-post-title\"><a href=\"https:\/\/inladec.com\/en\/que-son-los-lactobacillus\/\" target=\"_self\">\u00bfQU\u00c9 SON LOS LACTOBACILLUS?<\/a><\/h2>\n\n<div class=\"wp-block-post-excerpt\"><p class=\"wp-block-post-excerpt__excerpt\">Los Lactobacillus son un g\u00e9nero de bacterias beneficiosas para el ser humano con capacidad de fermentar az\u00facares en \u00e1cido l\u00e1ctico. Alberga varias especies, algunas de las cuales se utilizan en\u2026 <\/p><\/div><\/div>\n<\/div>\n\n<\/li><li class=\"wp-block-post post-22803 post type-post status-publish format-standard has-post-thumbnail hentry category-uncategorized\">\n\n<div class=\"wp-block-columns alignwide is-layout-flex wp-container-core-columns-is-layout-9d6595d7 wp-block-columns-is-layout-flex\">\n<div class=\"wp-block-column is-layout-flow wp-block-column-is-layout-flow\" style=\"flex-basis:66.66%\"><div class=\"post_featured with_thumb hover_link agricola_inline_1827036350\"><img loading=\"lazy\" decoding=\"async\" width=\"840\" height=\"473\" src=\"https:\/\/i0.wp.com\/inladec.com\/wp-content\/uploads\/2023\/04\/IMG-20230414-WA0011.jpg?resize=840%2C473&amp;ssl=1\" class=\"attachment-agricola-thumb-big size-agricola-thumb-big wp-post-image\" alt=\"\" srcset=\"https:\/\/i0.wp.com\/inladec.com\/wp-content\/uploads\/2023\/04\/IMG-20230414-WA0011.jpg?resize=1290%2C725&amp;ssl=1 1290w, https:\/\/i0.wp.com\/inladec.com\/wp-content\/uploads\/2023\/04\/IMG-20230414-WA0011.jpg?resize=840%2C473&amp;ssl=1 840w, https:\/\/i0.wp.com\/inladec.com\/wp-content\/uploads\/2023\/04\/IMG-20230414-WA0011.jpg?resize=410%2C230&amp;ssl=1 410w, https:\/\/i0.wp.com\/inladec.com\/wp-content\/uploads\/2023\/04\/IMG-20230414-WA0011.jpg?resize=270%2C152&amp;ssl=1 270w\" sizes=\"auto, (max-width: 840px) 100vw, 840px\">\t\t\t\t\t\t<div class=\"mask\"><\/div>\n\t\t\t\t\t\t\t\t\t<a href=\"https:\/\/inladec.com\/en\/beneficios-de-la-matequilla\/\" aria-hidden=\"true\" class=\"link\"><\/a>\n\t\t\t<\/div><\/div>\n\n\n\n<div class=\"wp-block-column is-layout-flow wp-block-column-is-layout-flow\" style=\"flex-basis:33.33%\"><h2 class=\"wp-block-post-title\"><a href=\"https:\/\/inladec.com\/en\/beneficios-de-la-matequilla\/\" target=\"_self\">Beneficios de la matequilla<\/a><\/h2>\n\n<div class=\"wp-block-post-excerpt\"><p class=\"wp-block-post-excerpt__excerpt\">La mantequilla es un producto l\u00e1cteo que ha sido utilizado en la cocina desde hace siglos, a pesar de que su alto contenido de grasas ha sido objeto de controversia,\u2026 <\/p><\/div><\/div>\n<\/div>\n\n<\/li><li class=\"wp-block-post post-22801 post type-post status-publish format-standard has-post-thumbnail hentry category-uncategorized\">\n\n<div class=\"wp-block-columns alignwide is-layout-flex wp-container-core-columns-is-layout-9d6595d7 wp-block-columns-is-layout-flex\">\n<div class=\"wp-block-column is-layout-flow wp-block-column-is-layout-flow\" style=\"flex-basis:66.66%\"><div class=\"post_featured with_thumb hover_link agricola_inline_2099065377\"><img loading=\"lazy\" decoding=\"async\" width=\"840\" height=\"473\" src=\"https:\/\/i0.wp.com\/inladec.com\/wp-content\/uploads\/2023\/04\/IMG-20230414-WA0008.jpg?resize=840%2C473&amp;ssl=1\" class=\"attachment-agricola-thumb-big size-agricola-thumb-big wp-post-image\" alt=\"\" srcset=\"https:\/\/i0.wp.com\/inladec.com\/wp-content\/uploads\/2023\/04\/IMG-20230414-WA0008.jpg?resize=1290%2C725&amp;ssl=1 1290w, https:\/\/i0.wp.com\/inladec.com\/wp-content\/uploads\/2023\/04\/IMG-20230414-WA0008.jpg?resize=840%2C473&amp;ssl=1 840w, https:\/\/i0.wp.com\/inladec.com\/wp-content\/uploads\/2023\/04\/IMG-20230414-WA0008.jpg?resize=410%2C230&amp;ssl=1 410w, https:\/\/i0.wp.com\/inladec.com\/wp-content\/uploads\/2023\/04\/IMG-20230414-WA0008.jpg?resize=270%2C152&amp;ssl=1 270w\" sizes=\"auto, (max-width: 840px) 100vw, 840px\">\t\t\t\t\t\t<div class=\"mask\"><\/div>\n\t\t\t\t\t\t\t\t\t<a href=\"https:\/\/inladec.com\/en\/beneficios-del-manjar-de-leche\/\" aria-hidden=\"true\" class=\"link\"><\/a>\n\t\t\t<\/div><\/div>\n\n\n\n<div class=\"wp-block-column is-layout-flow wp-block-column-is-layout-flow\" style=\"flex-basis:33.33%\"><h2 class=\"wp-block-post-title\"><a href=\"https:\/\/inladec.com\/en\/beneficios-del-manjar-de-leche\/\" target=\"_self\">Beneficios del manjar de leche<\/a><\/h2>\n\n<div class=\"wp-block-post-excerpt\"><p class=\"wp-block-post-excerpt__excerpt\">El dulce de leche \u2014tambi\u00e9n conocido como manjar, manjar blanco, arequipe o cajeta\u2014 es un dulce tradicional de Am\u00e9rica Latina y que corresponde a una variante caramelizada de la leche.\u2026 <\/p><\/div><\/div>\n<\/div>\n\n<\/li><li class=\"wp-block-post post-22798 post type-post status-publish format-standard has-post-thumbnail hentry category-uncategorized\">\n\n<div class=\"wp-block-columns alignwide is-layout-flex wp-container-core-columns-is-layout-9d6595d7 wp-block-columns-is-layout-flex\">\n<div class=\"wp-block-column is-layout-flow wp-block-column-is-layout-flow\" style=\"flex-basis:66.66%\"><div class=\"post_featured with_thumb hover_link agricola_inline_1002591586\"><img loading=\"lazy\" decoding=\"async\" width=\"840\" height=\"473\" src=\"https:\/\/i0.wp.com\/inladec.com\/wp-content\/uploads\/2023\/04\/IMG-20230414-WA0010.jpg?resize=840%2C473&amp;ssl=1\" class=\"attachment-agricola-thumb-big size-agricola-thumb-big wp-post-image\" alt=\"\" srcset=\"https:\/\/i0.wp.com\/inladec.com\/wp-content\/uploads\/2023\/04\/IMG-20230414-WA0010.jpg?resize=1290%2C725&amp;ssl=1 1290w, https:\/\/i0.wp.com\/inladec.com\/wp-content\/uploads\/2023\/04\/IMG-20230414-WA0010.jpg?resize=840%2C473&amp;ssl=1 840w, https:\/\/i0.wp.com\/inladec.com\/wp-content\/uploads\/2023\/04\/IMG-20230414-WA0010.jpg?resize=410%2C230&amp;ssl=1 410w, https:\/\/i0.wp.com\/inladec.com\/wp-content\/uploads\/2023\/04\/IMG-20230414-WA0010.jpg?resize=270%2C152&amp;ssl=1 270w\" sizes=\"auto, (max-width: 840px) 100vw, 840px\">\t\t\t\t\t\t<div class=\"mask\"><\/div>\n\t\t\t\t\t\t\t\t\t<a href=\"https:\/\/inladec.com\/en\/beneficios-del-yogurt\/\" aria-hidden=\"true\" class=\"link\"><\/a>\n\t\t\t<\/div><\/div>\n\n\n\n<div class=\"wp-block-column is-layout-flow wp-block-column-is-layout-flow\" style=\"flex-basis:33.33%\"><h2 class=\"wp-block-post-title\"><a href=\"https:\/\/inladec.com\/en\/beneficios-del-yogurt\/\" target=\"_self\">Beneficios del yogurt<\/a><\/h2>\n\n<div class=\"wp-block-post-excerpt\"><p class=\"wp-block-post-excerpt__excerpt\">El yogur es un producto l\u00e1cteo elaborado mediante la fermentaci\u00f3n de la leche con un cultivo de yogur bacteriano. Proporciona prote\u00ednas y calcio, y puede mejorar la salud de las bacterias intestinales probi\u00f3ticas <\/p><\/div><\/div>\n<\/div>\n\n<\/li><li class=\"wp-block-post post-22795 post type-post status-publish format-standard has-post-thumbnail hentry category-uncategorized\">\n\n<div class=\"wp-block-columns alignwide is-layout-flex wp-container-core-columns-is-layout-9d6595d7 wp-block-columns-is-layout-flex\">\n<div class=\"wp-block-column is-layout-flow wp-block-column-is-layout-flow\" style=\"flex-basis:66.66%\"><div class=\"post_featured with_thumb hover_link agricola_inline_201289736\"><img loading=\"lazy\" decoding=\"async\" width=\"840\" height=\"473\" src=\"https:\/\/i0.wp.com\/inladec.com\/wp-content\/uploads\/2023\/04\/IMG-20230414-WA0006.jpg?resize=840%2C473&amp;ssl=1\" class=\"attachment-agricola-thumb-big size-agricola-thumb-big wp-post-image\" alt=\"\" srcset=\"https:\/\/i0.wp.com\/inladec.com\/wp-content\/uploads\/2023\/04\/IMG-20230414-WA0006.jpg?resize=1290%2C725&amp;ssl=1 1290w, https:\/\/i0.wp.com\/inladec.com\/wp-content\/uploads\/2023\/04\/IMG-20230414-WA0006.jpg?resize=840%2C473&amp;ssl=1 840w, https:\/\/i0.wp.com\/inladec.com\/wp-content\/uploads\/2023\/04\/IMG-20230414-WA0006.jpg?resize=410%2C230&amp;ssl=1 410w, https:\/\/i0.wp.com\/inladec.com\/wp-content\/uploads\/2023\/04\/IMG-20230414-WA0006.jpg?resize=270%2C152&amp;ssl=1 270w\" sizes=\"auto, (max-width: 840px) 100vw, 840px\">\t\t\t\t\t\t<div class=\"mask\"><\/div>\n\t\t\t\t\t\t\t\t\t<a href=\"https:\/\/inladec.com\/en\/beneficios-de-la-leche\/\" aria-hidden=\"true\" class=\"link\"><\/a>\n\t\t\t<\/div><\/div>\n\n\n\n<div class=\"wp-block-column is-layout-flow wp-block-column-is-layout-flow\" style=\"flex-basis:33.33%\"><h2 class=\"wp-block-post-title\"><a href=\"https:\/\/inladec.com\/en\/beneficios-de-la-leche\/\" target=\"_self\">Beneficios de la leche<\/a><\/h2>\n\n<div class=\"wp-block-post-excerpt\"><p class=\"wp-block-post-excerpt__excerpt\">La leche es una bebida ampliamente consumida que es esencial para la dieta de varios millones de personas en todo el mundo porque proporciona importantes macro y micronutrientes <\/p><\/div><\/div>\n<\/div>\n\n<\/li><li class=\"wp-block-post post-22784 post type-post status-publish format-standard has-post-thumbnail hentry category-uncategorized\">\n\n<div class=\"wp-block-columns alignwide is-layout-flex wp-container-core-columns-is-layout-9d6595d7 wp-block-columns-is-layout-flex\">\n<div class=\"wp-block-column is-layout-flow wp-block-column-is-layout-flow\" style=\"flex-basis:66.66%\"><div class=\"post_featured with_thumb hover_link agricola_inline_873688375\"><img loading=\"lazy\" decoding=\"async\" width=\"840\" height=\"473\" src=\"https:\/\/i0.wp.com\/inladec.com\/wp-content\/uploads\/2023\/04\/IMG-20230414-WA0009.jpg?resize=840%2C473&amp;ssl=1\" class=\"attachment-agricola-thumb-big size-agricola-thumb-big wp-post-image\" alt=\"\" srcset=\"https:\/\/i0.wp.com\/inladec.com\/wp-content\/uploads\/2023\/04\/IMG-20230414-WA0009.jpg?resize=1290%2C725&amp;ssl=1 1290w, https:\/\/i0.wp.com\/inladec.com\/wp-content\/uploads\/2023\/04\/IMG-20230414-WA0009.jpg?resize=840%2C473&amp;ssl=1 840w, https:\/\/i0.wp.com\/inladec.com\/wp-content\/uploads\/2023\/04\/IMG-20230414-WA0009.jpg?resize=410%2C230&amp;ssl=1 410w, https:\/\/i0.wp.com\/inladec.com\/wp-content\/uploads\/2023\/04\/IMG-20230414-WA0009.jpg?resize=270%2C152&amp;ssl=1 270w\" sizes=\"auto, (max-width: 840px) 100vw, 840px\">\t\t\t\t\t\t<div class=\"mask\"><\/div>\n\t\t\t\t\t\t\t\t\t<a href=\"https:\/\/inladec.com\/en\/beneficios-de-queso\/\" aria-hidden=\"true\" class=\"link\"><\/a>\n\t\t\t<\/div><\/div>\n\n\n\n<div class=\"wp-block-column is-layout-flow wp-block-column-is-layout-flow\" style=\"flex-basis:33.33%\"><h2 class=\"wp-block-post-title\"><a href=\"https:\/\/inladec.com\/en\/beneficios-de-queso\/\" target=\"_self\">Beneficios del queso<\/a><\/h2>\n\n<div class=\"wp-block-post-excerpt\"><p class=\"wp-block-post-excerpt__excerpt\">El queso de vaca es uno de los productos l\u00e1cteos m\u00e1s populares y consumidos en todo el mundo. Este producto se elabora a partir de la leche de vaca y se presenta en una amplia variedad de sabores, texturas y formas <\/p><\/div><\/div>\n<\/div>\n\n<\/li><\/ul><\/div>\n<\/body>","protected":false},"excerpt":{"rendered":"","protected":false},"author":1,"featured_media":0,"parent":0,"menu_order":0,"comment_status":"closed","ping_status":"closed","template":"","meta":{"footnotes":""},"class_list":["post-22782","page","type-page","status-publish","hentry"],"jetpack_sharing_enabled":true,"_links":{"self":[{"href":"https:\/\/inladec.com\/en\/wp-json\/wp\/v2\/pages\/22782","targetHints":{"allow":["GET"]}}],"collection":[{"href":"https:\/\/inladec.com\/en\/wp-json\/wp\/v2\/pages"}],"about":[{"href":"https:\/\/inladec.com\/en\/wp-json\/wp\/v2\/types\/page"}],"author":[{"embeddable":true,"href":"https:\/\/inladec.com\/en\/wp-json\/wp\/v2\/users\/1"}],"replies":[{"embeddable":true,"href":"https:\/\/inladec.com\/en\/wp-json\/wp\/v2\/comments?post=22782"}],"version-history":[{"count":9,"href":"https:\/\/inladec.com\/en\/wp-json\/wp\/v2\/pages\/22782\/revisions"}],"predecessor-version":[{"id":22832,"href":"https:\/\/inladec.com\/en\/wp-json\/wp\/v2\/pages\/22782\/revisions\/22832"}],"wp:attachment":[{"href":"https:\/\/inladec.com\/en\/wp-json\/wp\/v2\/media?parent=22782"}],"curies":[{"name":"wp","href":"https:\/\/api.w.org\/{rel}","templated":true}]}}